{"id":35,"date":"2023-07-04T20:03:01","date_gmt":"2023-07-04T18:03:01","guid":{"rendered":"https:\/\/dendritacultura.es\/?page_id=35"},"modified":"2025-04-23T00:07:54","modified_gmt":"2025-04-22T22:07:54","slug":"contacto","status":"publish","type":"page","link":"https:\/\/dendritacultura.es\/?page_id=35","title":{"rendered":"Nosotros"},"content":{"rendered":"\t\t<div data-elementor-type=\"wp-page\" data-elementor-id=\"35\" class=\"elementor elementor-35\">\n\t\t\t\t\t\t<section class=\"elementor-section elementor-top-section elementor-element elementor-element-3f52cb9 elementor-section-boxed elementor-section-height-default elementor-section-height-default\" data-id=\"3f52cb9\" data-element_type=\"section\" data-e-type=\"section\">\n\t\t\t\t\t\t<div class=\"elementor-container elementor-column-gap-default\">\n\t\t\t\t\t<div class=\"elementor-column elementor-col-100 elementor-top-column elementor-element elementor-element-dfab09b\" data-id=\"dfab09b\" data-element_type=\"column\" data-e-type=\"column\">\n\t\t\t<div class=\"elementor-widget-wrap elementor-element-populated\">\n\t\t\t\t\t\t<div class=\"elementor-element elementor-element-cf52efe elementor-widget elementor-widget-spacer\" data-id=\"cf52efe\" data-element_type=\"widget\" data-e-type=\"widget\" data-widget_type=\"spacer.default\">\n\t\t\t\t<div class=\"elementor-widget-container\">\n\t\t\t\t\t\t\t<div class=\"elementor-spacer\">\n\t\t\t<div class=\"elementor-spacer-inner\"><\/div>\n\t\t<\/div>\n\t\t\t\t\t\t<\/div>\n\t\t\t\t<\/div>\n\t\t\t\t<div class=\"elementor-element elementor-element-bec10db elementor-widget elementor-widget-heading\" data-id=\"bec10db\" data-element_type=\"widget\" data-e-type=\"widget\" data-widget_type=\"heading.default\">\n\t\t\t\t<div class=\"elementor-widget-container\">\n\t\t\t\t\t<h2 class=\"elementor-heading-title elementor-size-default\">Nosotros<\/h2>\t\t\t\t<\/div>\n\t\t\t\t<\/div>\n\t\t\t\t\t<\/div>\n\t\t<\/div>\n\t\t\t\t\t<\/div>\n\t\t<\/section>\n\t\t\t\t<section class=\"elementor-section elementor-top-section elementor-element elementor-element-a0fb36e elementor-section-boxed elementor-section-height-default elementor-section-height-default\" data-id=\"a0fb36e\" data-element_type=\"section\" data-e-type=\"section\">\n\t\t\t\t\t\t<div class=\"elementor-container elementor-column-gap-default\">\n\t\t\t\t\t<div class=\"elementor-column elementor-col-100 elementor-top-column elementor-element elementor-element-9d08b68\" data-id=\"9d08b68\" data-element_type=\"column\" data-e-type=\"column\">\n\t\t\t<div class=\"elementor-widget-wrap\">\n\t\t\t\t\t\t\t<\/div>\n\t\t<\/div>\n\t\t\t\t\t<\/div>\n\t\t<\/section>\n\t\t\t\t<section class=\"elementor-section elementor-top-section elementor-element elementor-element-3ba64c6 elementor-section-boxed elementor-section-height-default elementor-section-height-default\" data-id=\"3ba64c6\" data-element_type=\"section\" data-e-type=\"section\">\n\t\t\t\t\t\t<div class=\"elementor-container elementor-column-gap-default\">\n\t\t\t\t\t<div class=\"elementor-column elementor-col-66 elementor-top-column elementor-element elementor-element-35f2cd0\" data-id=\"35f2cd0\" data-element_type=\"column\" data-e-type=\"column\">\n\t\t\t<div class=\"elementor-widget-wrap elementor-element-populated\">\n\t\t\t\t\t\t<div class=\"elementor-element elementor-element-e72b27b elementor-widget elementor-widget-text-editor\" data-id=\"e72b27b\" data-element_type=\"widget\" data-e-type=\"widget\" data-widget_type=\"text-editor.default\">\n\t\t\t\t<div class=\"elementor-widget-container\">\n\t\t\t\t\t\t\t\t\t<p>\u00a1Hola! Soy Maloles Cebri\u00e1n y soy la persona que est\u00e1 detr\u00e1s de Dendrita Cultura. Encantada de saludarte.<\/p><p>Soy mediadora cultural especializada en accesibilidad.<\/p><p>De formaci\u00f3n soy Licenciada en H\u00aa del Arte, experta en \u201cGesti\u00f3n del Patrimonio: proyecto, organizaci\u00f3n y producci\u00f3n de exposiciones\u201d, y en \u201cGesti\u00f3n Cultural\u201d.<\/p><p>En la actualidad, dirijo Dendrita Cultura, creando, colaborando y participando en diferentes proyectos de mediaci\u00f3n cultural, formaci\u00f3n y consultor\u00eda.<\/p><p>Hasta marzo de 2020 pertenec\u00ed al Equipo de Mediaci\u00f3n cultural del Centre Pompidou M\u00e1laga, donde estuve 5 a\u00f1os trabajando. Tambi\u00e9n he pasado por la Colecci\u00f3n del Museo Ruso de San Petersburgo en M\u00e1laga, el Museo Casa Natal de Picasso y el CAC M\u00e1laga.<\/p>\t\t\t\t\t\t\t\t<\/div>\n\t\t\t\t<\/div>\n\t\t\t\t\t<\/div>\n\t\t<\/div>\n\t\t\t\t<div class=\"elementor-column elementor-col-33 elementor-top-column elementor-element elementor-element-4f85ba0\" data-id=\"4f85ba0\" data-element_type=\"column\" data-e-type=\"column\">\n\t\t\t<div class=\"elementor-widget-wrap elementor-element-populated\">\n\t\t\t\t\t\t<div class=\"elementor-element elementor-element-23a47f7 elementor-widget elementor-widget-image\" data-id=\"23a47f7\" data-element_type=\"widget\" data-e-type=\"widget\" data-widget_type=\"image.default\">\n\t\t\t\t<div class=\"elementor-widget-container\">\n\t\t\t\t\t\t\t\t\t\t\t\t\t\t\t<img fetchpriority=\"high\" decoding=\"async\" width=\"768\" height=\"1024\" src=\"https:\/\/dendritacultura.es\/wp-content\/uploads\/2024\/07\/PXL_20240413_161756274.PORTRAIT-768x1024.jpg\" class=\"attachment-large size-large wp-image-377\" alt=\"Fotograf\u00eda retrato de medio cuerpo de Maloles Cebri\u00e1n\" srcset=\"https:\/\/dendritacultura.es\/wp-content\/uploads\/2024\/07\/PXL_20240413_161756274.PORTRAIT-768x1024.jpg 768w, https:\/\/dendritacultura.es\/wp-content\/uploads\/2024\/07\/PXL_20240413_161756274.PORTRAIT-225x300.jpg 225w, https:\/\/dendritacultura.es\/wp-content\/uploads\/2024\/07\/PXL_20240413_161756274.PORTRAIT-1152x1536.jpg 1152w, https:\/\/dendritacultura.es\/wp-content\/uploads\/2024\/07\/PXL_20240413_161756274.PORTRAIT-1536x2048.jpg 1536w, https:\/\/dendritacultura.es\/wp-content\/uploads\/2024\/07\/PXL_20240413_161756274.PORTRAIT-scaled.jpg 1920w\" sizes=\"(max-width: 768px) 100vw, 768px\" \/>\t\t\t\t\t\t\t\t\t\t\t\t\t\t\t<\/div>\n\t\t\t\t<\/div>\n\t\t\t\t\t<\/div>\n\t\t<\/div>\n\t\t\t\t\t<\/div>\n\t\t<\/section>\n\t\t\t\t<section class=\"elementor-section elementor-top-section elementor-element elementor-element-e0d44f2 elementor-section-boxed elementor-section-height-default elementor-section-height-default\" data-id=\"e0d44f2\" data-element_type=\"section\" data-e-type=\"section\">\n\t\t\t\t\t\t<div class=\"elementor-container elementor-column-gap-default\">\n\t\t\t\t\t<div class=\"elementor-column elementor-col-100 elementor-top-column elementor-element elementor-element-c49ca57\" data-id=\"c49ca57\" data-element_type=\"column\" data-e-type=\"column\">\n\t\t\t<div class=\"elementor-widget-wrap elementor-element-populated\">\n\t\t\t\t\t\t\t<\/div>\n\t\t<\/div>\n\t\t\t\t\t<\/div>\n\t\t<\/section>\n\t\t\t\t<\/div>\n\t\t","protected":false},"excerpt":{"rendered":"<p>Nosotros \u00a1Hola! Soy Maloles Cebri\u00e1n y soy la persona que est\u00e1 detr\u00e1s de Dendrita Cultura. Encantada de saludarte. Soy mediadora cultural especializada en accesibilidad. De formaci\u00f3n soy Licenciada en H\u00aa del Arte, experta en \u201cGesti\u00f3n del Patrimonio: proyecto, organizaci\u00f3n y producci\u00f3n de exposiciones\u201d, y en \u201cGesti\u00f3n Cultural\u201d. En la actualidad, dirijo Dendrita Cultura, creando, colaborando [&hellip;]<\/p>\n","protected":false},"author":1,"featured_media":0,"parent":0,"menu_order":0,"comment_status":"closed","ping_status":"closed","template":"","meta":{"footnotes":""},"class_list":["post-35","page","type-page","status-publish","hentry"],"_links":{"self":[{"href":"https:\/\/dendritacultura.es\/index.php?rest_route=\/wp\/v2\/pages\/35","targetHints":{"allow":["GET"]}}],"collection":[{"href":"https:\/\/dendritacultura.es\/index.php?rest_route=\/wp\/v2\/pages"}],"about":[{"href":"https:\/\/dendritacultura.es\/index.php?rest_route=\/wp\/v2\/types\/page"}],"author":[{"embeddable":true,"href":"https:\/\/dendritacultura.es\/index.php?rest_route=\/wp\/v2\/users\/1"}],"replies":[{"embeddable":true,"href":"https:\/\/dendritacultura.es\/index.php?rest_route=%2Fwp%2Fv2%2Fcomments&post=35"}],"version-history":[{"count":31,"href":"https:\/\/dendritacultura.es\/index.php?rest_route=\/wp\/v2\/pages\/35\/revisions"}],"predecessor-version":[{"id":446,"href":"https:\/\/dendritacultura.es\/index.php?rest_route=\/wp\/v2\/pages\/35\/revisions\/446"}],"wp:attachment":[{"href":"https:\/\/dendritacultura.es\/index.php?rest_route=%2Fwp%2Fv2%2Fmedia&parent=35"}],"curies":[{"name":"wp","href":"https:\/\/api.w.org\/{rel}","templated":true}]}}